{"id":129,"date":"2024-08-30T00:12:03","date_gmt":"2024-08-30T00:12:03","guid":{"rendered":"https:\/\/albareeqco.iq\/?page_id=129"},"modified":"2024-11-25T20:54:00","modified_gmt":"2024-11-25T20:54:00","slug":"service","status":"publish","type":"page","link":"https:\/\/albareeqco.iq\/tr\/service\/","title":{"rendered":"Hizmet"},"content":{"rendered":"<div data-elementor-type=\"wp-page\" data-elementor-id=\"129\" class=\"elementor elementor-129\" data-elementor-post-type=\"page\">\n\t\t\t\t\t\t<section class=\"elementor-section elementor-top-section elementor-element elementor-element-4d4e6147 elementor-section-boxed elementor-section-height-default elementor-section-height-default\" data-id=\"4d4e6147\" data-element_type=\"section\" data-settings=\"{&quot;background_background&quot;:&quot;classic&quot;}\">\n\t\t\t\t\t\t\t<div class=\"elementor-background-overlay\"><\/div>\n\t\t\t\t\t\t\t<div class=\"elementor-container elementor-column-gap-no\">\n\t\t\t\t\t<div class=\"elementor-column elementor-col-100 elementor-top-column elementor-element elementor-element-2bae8c5b\" data-id=\"2bae8c5b\" data-element_type=\"column\">\n\t\t\t<div class=\"elementor-widget-wrap elementor-element-populated\">\n\t\t\t\t\t\t<div class=\"elementor-element elementor-element-12809814 elementor-widget__width-initial elementor-absolute elementor-widget elementor-widget-image\" data-id=\"12809814\" data-element_type=\"widget\" data-settings=\"{&quot;_position&quot;:&quot;absolute&quot;}\" data-widget_type=\"image.default\">\n\t\t\t\t<div class=\"elementor-widget-container\">\n\t\t\t\t\t\t\t\t\t\t\t\t\t\t\t<img fetchpriority=\"high\" decoding=\"async\" width=\"387\" height=\"340\" src=\"https:\/\/albareeqco.iq\/wp-content\/uploads\/2024\/08\/Asset-1.png\" class=\"attachment-large size-large wp-image-22\" alt=\"\" srcset=\"https:\/\/albareeqco.iq\/wp-content\/uploads\/2024\/08\/Asset-1.png 387w, https:\/\/albareeqco.iq\/wp-content\/uploads\/2024\/08\/Asset-1-300x264.png 300w, https:\/\/albareeqco.iq\/wp-content\/uploads\/2024\/08\/Asset-1-14x12.png 14w\" sizes=\"(max-width: 387px) 100vw, 387px\" \/>\t\t\t\t\t\t\t\t\t\t\t\t\t\t\t<\/div>\n\t\t\t\t<\/div>\n\t\t\t\t<section class=\"elementor-section elementor-inner-section elementor-element elementor-element-36ca8378 elementor-section-boxed elementor-section-height-default elementor-section-height-default\" data-id=\"36ca8378\" data-element_type=\"section\" data-settings=\"{&quot;background_background&quot;:&quot;gradient&quot;}\">\n\t\t\t\t\t\t<div class=\"elementor-container elementor-column-gap-no\">\n\t\t\t\t\t<div class=\"elementor-column elementor-col-100 elementor-inner-column elementor-element elementor-element-1c48260e\" data-id=\"1c48260e\" data-element_type=\"column\">\n\t\t\t<div class=\"elementor-widget-wrap elementor-element-populated\">\n\t\t\t\t\t\t<div class=\"elementor-element elementor-element-43bff2cd elementor-widget elementor-widget-heading\" data-id=\"43bff2cd\" data-element_type=\"widget\" data-widget_type=\"heading.default\">\n\t\t\t\t<div class=\"elementor-widget-container\">\n\t\t\t\t\t<h2 class=\"elementor-heading-title elementor-size-default\">Services<\/h2>\t\t\t\t<\/div>\n\t\t\t\t<\/div>\n\t\t\t\t<div class=\"elementor-element elementor-element-2880da16 elementor-widget__width-auto elementor-widget elementor-widget-text-editor\" data-id=\"2880da16\" data-element_type=\"widget\" data-widget_type=\"text-editor.default\">\n\t\t\t\t<div class=\"elementor-widget-container\">\n\t\t\t\t\t\t\t\t\tEv\t\t\t\t\t\t\t\t<\/div>\n\t\t\t\t<\/div>\n\t\t\t\t<div class=\"elementor-element elementor-element-5a013e93 elementor-widget__width-auto elementor-view-default elementor-widget elementor-widget-icon\" data-id=\"5a013e93\" data-element_type=\"widget\" data-widget_type=\"icon.default\">\n\t\t\t\t<div class=\"elementor-widget-container\">\n\t\t\t\t\t\t\t<div class=\"elementor-icon-wrapper\">\n\t\t\t<div class=\"elementor-icon\">\n\t\t\t<svg aria-hidden=\"true\" class=\"e-font-icon-svg e-fas-chevron-right\" viewbox=\"0 0 320 512\" xmlns=\"http:\/\/www.w3.org\/2000\/svg\"><path d=\"M285.476 272.971L91.132 467.314c-9.373 9.373-24.569 9.373-33.941 0l-22.667-22.667c-9.357-9.357-9.375-24.522-.04-33.901L188.505 256 34.484 101.255c-9.335-9.379-9.317-24.544.04-33.901l22.667-22.667c9.373-9.373 24.569-9.373 33.941 0L285.475 239.03c9.373 9.372 9.373 24.568.001 33.941z\"><\/path><\/svg>\t\t\t<\/div>\n\t\t<\/div>\n\t\t\t\t\t\t<\/div>\n\t\t\t\t<\/div>\n\t\t\t\t<div class=\"elementor-element elementor-element-46b1f9a8 elementor-widget__width-auto elementor-widget elementor-widget-text-editor\" data-id=\"46b1f9a8\" data-element_type=\"widget\" data-widget_type=\"text-editor.default\">\n\t\t\t\t<div class=\"elementor-widget-container\">\n\t\t\t\t\t\t\t\t\tHizmet\t\t\t\t\t\t\t\t<\/div>\n\t\t\t\t<\/div>\n\t\t\t\t\t<\/div>\n\t\t<\/div>\n\t\t\t\t\t<\/div>\n\t\t<\/section>\n\t\t\t\t\t<\/div>\n\t\t<\/div>\n\t\t\t\t\t<\/div>\n\t\t<\/section>\n\t\t\t\t<section class=\"elementor-section elementor-top-section elementor-element elementor-element-59a445a9 elementor-section-boxed elementor-section-height-default elementor-section-height-default\" data-id=\"59a445a9\" data-element_type=\"section\">\n\t\t\t\t\t\t<div class=\"elementor-container elementor-column-gap-no\">\n\t\t\t\t\t<div class=\"elementor-column elementor-col-33 elementor-top-column elementor-element elementor-element-587bc068\" data-id=\"587bc068\" data-element_type=\"column\">\n\t\t\t<div class=\"elementor-widget-wrap elementor-element-populated\">\n\t\t\t\t\t\t<section class=\"elementor-section elementor-inner-section elementor-element elementor-element-722ffc3a elementor-section-boxed elementor-section-height-default elementor-section-height-default\" data-id=\"722ffc3a\" data-element_type=\"section\">\n\t\t\t\t\t\t<div class=\"elementor-container elementor-column-gap-default\">\n\t\t\t\t\t<div class=\"elementor-column elementor-col-100 elementor-inner-column elementor-element elementor-element-4e2d0cc2\" data-id=\"4e2d0cc2\" data-element_type=\"column\" data-settings=\"{&quot;background_background&quot;:&quot;classic&quot;}\">\n\t\t\t<div class=\"elementor-widget-wrap elementor-element-populated\">\n\t\t\t\t\t\t<div class=\"elementor-element elementor-element-3012270 elementor-widget elementor-widget-spacer\" data-id=\"3012270\" data-element_type=\"widget\" data-widget_type=\"spacer.default\">\n\t\t\t\t<div class=\"elementor-widget-container\">\n\t\t\t\t\t\t\t<div class=\"elementor-spacer\">\n\t\t\t<div class=\"elementor-spacer-inner\"><\/div>\n\t\t<\/div>\n\t\t\t\t\t\t<\/div>\n\t\t\t\t<\/div>\n\t\t\t\t\t<\/div>\n\t\t<\/div>\n\t\t\t\t\t<\/div>\n\t\t<\/section>\n\t\t\t\t<div class=\"elementor-element elementor-element-4756bd11 jkit-equal-height-disable elementor-widget elementor-widget-jkit_icon_box\" data-id=\"4756bd11\" data-element_type=\"widget\" data-widget_type=\"jkit_icon_box.default\">\n\t\t\t\t<div class=\"elementor-widget-container\">\n\t\t\t\t\t<div  class=\"jeg-elementor-kit jkit-icon-box icon-position-left elementor-animation- jeg_module___69e0f4835d7d6\" ><div class=\"jkit-icon-box-wrapper hover-from-left\"><div class=\"icon-box icon-box-header elementor-animation-\"><div class=\"icon style-color\"><img decoding=\"async\" width=\"120\" height=\"103\" src=\"https:\/\/albareeqco.iq\/wp-content\/uploads\/2024\/08\/farm-white.png\" class=\"attachment-full size-full\" alt=\"Premium Milk Chocolate\" url=\"https:\/\/albareeqco.iq\/wp-content\/uploads\/2024\/08\/farm-white.png\" srcset=\"https:\/\/albareeqco.iq\/wp-content\/uploads\/2024\/08\/farm-white.png 120w, https:\/\/albareeqco.iq\/wp-content\/uploads\/2024\/08\/farm-white-14x12.png 14w\" sizes=\"(max-width: 120px) 100vw, 120px\" \/><\/div><\/div><div class=\"icon-box icon-box-body\">\n                <h2 class=\"title\">Premium S\u00fctl\u00fc \u00c7ikolata<\/h2><p class=\"icon-box-description\">A creamy, rich blend that suits all tastes<\/p>\n            <\/div>\n            \n            <\/div><\/div>\t\t\t\t<\/div>\n\t\t\t\t<\/div>\n\t\t\t\t\t<\/div>\n\t\t<\/div>\n\t\t\t\t<div class=\"elementor-column elementor-col-33 elementor-top-column elementor-element elementor-element-32cd052c\" data-id=\"32cd052c\" data-element_type=\"column\">\n\t\t\t<div class=\"elementor-widget-wrap elementor-element-populated\">\n\t\t\t\t\t\t<section class=\"elementor-section elementor-inner-section elementor-element elementor-element-b9106f3 elementor-section-boxed elementor-section-height-default elementor-section-height-default\" data-id=\"b9106f3\" data-element_type=\"section\">\n\t\t\t\t\t\t<div class=\"elementor-container elementor-column-gap-default\">\n\t\t\t\t\t<div class=\"elementor-column elementor-col-100 elementor-inner-column elementor-element elementor-element-14cdea24\" data-id=\"14cdea24\" data-element_type=\"column\" data-settings=\"{&quot;background_background&quot;:&quot;classic&quot;}\">\n\t\t\t<div class=\"elementor-widget-wrap elementor-element-populated\">\n\t\t\t\t\t\t<div class=\"elementor-element elementor-element-19e47070 elementor-widget elementor-widget-spacer\" data-id=\"19e47070\" data-element_type=\"widget\" data-widget_type=\"spacer.default\">\n\t\t\t\t<div class=\"elementor-widget-container\">\n\t\t\t\t\t\t\t<div class=\"elementor-spacer\">\n\t\t\t<div class=\"elementor-spacer-inner\"><\/div>\n\t\t<\/div>\n\t\t\t\t\t\t<\/div>\n\t\t\t\t<\/div>\n\t\t\t\t\t<\/div>\n\t\t<\/div>\n\t\t\t\t\t<\/div>\n\t\t<\/section>\n\t\t\t\t<div class=\"elementor-element elementor-element-744484be jkit-equal-height-disable elementor-widget elementor-widget-jkit_icon_box\" data-id=\"744484be\" data-element_type=\"widget\" data-widget_type=\"jkit_icon_box.default\">\n\t\t\t\t<div class=\"elementor-widget-container\">\n\t\t\t\t\t<div  class=\"jeg-elementor-kit jkit-icon-box icon-position-left elementor-animation- jeg_module__1_69e0f4835edcf\" ><div class=\"jkit-icon-box-wrapper hover-from-left\"><div class=\"icon-box icon-box-header elementor-animation-\"><div class=\"icon style-color\"><img decoding=\"async\" width=\"110\" height=\"110\" src=\"https:\/\/albareeqco.iq\/wp-content\/uploads\/2024\/08\/health_1.png\" class=\"attachment-full size-full\" alt=\"Dark Chocolate\" url=\"https:\/\/albareeqco.iq\/wp-content\/uploads\/2024\/08\/health_1.png\" srcset=\"https:\/\/albareeqco.iq\/wp-content\/uploads\/2024\/08\/health_1.png 110w, https:\/\/albareeqco.iq\/wp-content\/uploads\/2024\/08\/health_1-12x12.png 12w\" sizes=\"(max-width: 110px) 100vw, 110px\" \/><\/div><\/div><div class=\"icon-box icon-box-body\">\n                <h2 class=\"title\">Dark Chocolate<\/h2><p class=\"icon-box-description\">dark chocolate lovers with love and deep flavor<\/p>\n            <\/div>\n            \n            <\/div><\/div>\t\t\t\t<\/div>\n\t\t\t\t<\/div>\n\t\t\t\t\t<\/div>\n\t\t<\/div>\n\t\t\t\t<div class=\"elementor-column elementor-col-33 elementor-top-column elementor-element elementor-element-13dded4c\" data-id=\"13dded4c\" data-element_type=\"column\">\n\t\t\t<div class=\"elementor-widget-wrap elementor-element-populated\">\n\t\t\t\t\t\t<section class=\"elementor-section elementor-inner-section elementor-element elementor-element-5f2c54cd elementor-section-boxed elementor-section-height-default elementor-section-height-default\" data-id=\"5f2c54cd\" data-element_type=\"section\">\n\t\t\t\t\t\t<div class=\"elementor-container elementor-column-gap-default\">\n\t\t\t\t\t<div class=\"elementor-column elementor-col-100 elementor-inner-column elementor-element elementor-element-72e8291c\" data-id=\"72e8291c\" data-element_type=\"column\" data-settings=\"{&quot;background_background&quot;:&quot;classic&quot;}\">\n\t\t\t<div class=\"elementor-widget-wrap elementor-element-populated\">\n\t\t\t\t\t\t<div class=\"elementor-element elementor-element-d2e486f elementor-widget elementor-widget-spacer\" data-id=\"d2e486f\" data-element_type=\"widget\" data-widget_type=\"spacer.default\">\n\t\t\t\t<div class=\"elementor-widget-container\">\n\t\t\t\t\t\t\t<div class=\"elementor-spacer\">\n\t\t\t<div class=\"elementor-spacer-inner\"><\/div>\n\t\t<\/div>\n\t\t\t\t\t\t<\/div>\n\t\t\t\t<\/div>\n\t\t\t\t\t<\/div>\n\t\t<\/div>\n\t\t\t\t\t<\/div>\n\t\t<\/section>\n\t\t\t\t<div class=\"elementor-element elementor-element-5f8778b4 jkit-equal-height-disable elementor-widget elementor-widget-jkit_icon_box\" data-id=\"5f8778b4\" data-element_type=\"widget\" data-widget_type=\"jkit_icon_box.default\">\n\t\t\t\t<div class=\"elementor-widget-container\">\n\t\t\t\t\t<div  class=\"jeg-elementor-kit jkit-icon-box icon-position-left elementor-animation- jeg_module__2_69e0f4835fe2c\" ><div class=\"jkit-icon-box-wrapper hover-from-left\"><div class=\"icon-box icon-box-header elementor-animation-\"><div class=\"icon style-color\"><img loading=\"lazy\" decoding=\"async\" width=\"102\" height=\"110\" src=\"https:\/\/albareeqco.iq\/wp-content\/uploads\/2024\/08\/product_2.png\" class=\"attachment-full size-full\" alt=\"Seasonal Editions\" url=\"https:\/\/albareeqco.iq\/wp-content\/uploads\/2024\/08\/product_2.png\" srcset=\"https:\/\/albareeqco.iq\/wp-content\/uploads\/2024\/08\/product_2.png 102w, https:\/\/albareeqco.iq\/wp-content\/uploads\/2024\/08\/product_2-11x12.png 11w\" sizes=\"(max-width: 102px) 100vw, 102px\" \/><\/div><\/div><div class=\"icon-box icon-box-body\">\n                <h2 class=\"title\">Seasonal Editions<\/h2><p class=\"icon-box-description\">New flavors added to our collection<\/p>\n            <\/div>\n            \n            <\/div><\/div>\t\t\t\t<\/div>\n\t\t\t\t<\/div>\n\t\t\t\t\t<\/div>\n\t\t<\/div>\n\t\t\t\t\t<\/div>\n\t\t<\/section>\n\t\t\t\t<section class=\"elementor-section elementor-top-section elementor-element elementor-element-72b9b844 elementor-section-boxed elementor-section-height-default elementor-section-height-default\" data-id=\"72b9b844\" data-element_type=\"section\">\n\t\t\t\t\t\t<div class=\"elementor-container elementor-column-gap-no\">\n\t\t\t\t\t<div class=\"elementor-column elementor-col-100 elementor-top-column elementor-element elementor-element-698071fe\" data-id=\"698071fe\" data-element_type=\"column\">\n\t\t\t<div class=\"elementor-widget-wrap elementor-element-populated\">\n\t\t\t\t\t\t<section class=\"elementor-section elementor-inner-section elementor-element elementor-element-600ca67b elementor-section-boxed elementor-section-height-default elementor-section-height-default\" data-id=\"600ca67b\" data-element_type=\"section\">\n\t\t\t\t\t\t<div class=\"elementor-container elementor-column-gap-no\">\n\t\t\t\t\t<div class=\"elementor-column elementor-col-100 elementor-inner-column elementor-element elementor-element-13eeef46\" data-id=\"13eeef46\" data-element_type=\"column\">\n\t\t\t<div class=\"elementor-widget-wrap elementor-element-populated\">\n\t\t\t\t\t\t<div class=\"elementor-element elementor-element-56801afa elementor-widget elementor-widget-text-editor\" data-id=\"56801afa\" data-element_type=\"widget\" data-widget_type=\"text-editor.default\">\n\t\t\t\t<div class=\"elementor-widget-container\">\n\t\t\t\t\t\t\t\t\t<p>Biz Al Bareeq Al Satea&#039;y\u0131z<\/p>\t\t\t\t\t\t\t\t<\/div>\n\t\t\t\t<\/div>\n\t\t\t\t<div class=\"elementor-element elementor-element-511ec42a elementor-widget elementor-widget-heading\" data-id=\"511ec42a\" data-element_type=\"widget\" data-widget_type=\"heading.default\">\n\t\t\t\t<div class=\"elementor-widget-container\">\n\t\t\t\t\t<h2 class=\"elementor-heading-title elementor-size-default\">De\u011fi\u015fiklikler Yap\u0131yoruz<\/h2>\t\t\t\t<\/div>\n\t\t\t\t<\/div>\n\t\t\t\t<div class=\"elementor-element elementor-element-7b307232 elementor-widget elementor-widget-text-editor\" data-id=\"7b307232\" data-element_type=\"widget\" data-widget_type=\"text-editor.default\">\n\t\t\t\t<div class=\"elementor-widget-container\">\n\t\t\t\t\t\t\t\t\t<p>Where Craftsmanship Meets Chocolate Excellence<\/p>\t\t\t\t\t\t\t\t<\/div>\n\t\t\t\t<\/div>\n\t\t\t\t\t<\/div>\n\t\t<\/div>\n\t\t\t\t\t<\/div>\n\t\t<\/section>\n\t\t\t\t<section class=\"elementor-section elementor-inner-section elementor-element elementor-element-7b38b78a elementor-section-boxed elementor-section-height-default elementor-section-height-default\" data-id=\"7b38b78a\" data-element_type=\"section\">\n\t\t\t\t\t\t<div class=\"elementor-container elementor-column-gap-no\">\n\t\t\t\t\t<div class=\"elementor-column elementor-col-50 elementor-inner-column elementor-element elementor-element-60e921f7\" data-id=\"60e921f7\" data-element_type=\"column\">\n\t\t\t<div class=\"elementor-widget-wrap elementor-element-populated\">\n\t\t\t\t\t\t<div class=\"elementor-element elementor-element-7069981b elementor-widget elementor-widget-jkit_fun_fact\" data-id=\"7069981b\" data-element_type=\"widget\" data-widget_type=\"jkit_fun_fact.default\">\n\t\t\t\t<div class=\"elementor-widget-container\">\n\t\t\t\t\t<div  class=\"jeg-elementor-kit jkit-fun-fact align-center hover-from-left elementor-animation- jeg_module__3_69e0f48362897\" ><div class=\"fun-fact-inner\"><div class=\"icon elementor-animation-\"><i aria-hidden=\"true\" class=\"jki jki-badge-light\"><\/i><\/div>\n            <div class=\"content\">\n                <div class=\"number-wrapper\"><span class=\"prefix\"><\/span>\n        <span class=\"number\" data-value=\"30\" data-animation-duration=\"3500\">0<\/span>\n        <span class=\"suffix\"><\/span><sup class=\"super\">+<\/sup><\/div>\n                <h2 class=\"title\">Y\u0131l Experient<\/h2>\n            <\/div>\n        <\/div><\/div>\t\t\t\t<\/div>\n\t\t\t\t<\/div>\n\t\t\t\t\t<\/div>\n\t\t<\/div>\n\t\t\t\t<div class=\"elementor-column elementor-col-50 elementor-inner-column elementor-element elementor-element-447024fa\" data-id=\"447024fa\" data-element_type=\"column\">\n\t\t\t<div class=\"elementor-widget-wrap elementor-element-populated\">\n\t\t\t\t\t\t<div class=\"elementor-element elementor-element-3844dc24 elementor-widget elementor-widget-jkit_fun_fact\" data-id=\"3844dc24\" data-element_type=\"widget\" data-widget_type=\"jkit_fun_fact.default\">\n\t\t\t\t<div class=\"elementor-widget-container\">\n\t\t\t\t\t<div  class=\"jeg-elementor-kit jkit-fun-fact align-center hover-from-left elementor-animation- jeg_module__4_69e0f48362e5e\" ><div class=\"fun-fact-inner\"><div class=\"icon elementor-animation-\"><i aria-hidden=\"true\" class=\"jki jki-basket1-light\"><\/i><\/div>\n            <div class=\"content\">\n                <div class=\"number-wrapper\"><span class=\"prefix\"><\/span>\n        <span class=\"number\" data-value=\"10\" data-animation-duration=\"3500\">0<\/span>\n        <span class=\"suffix\"><\/span><sup class=\"super\">+<\/sup><\/div>\n                <h2 class=\"title\">\u00c7ikolata \u00dcr\u00fcn\u00fc<\/h2>\n            <\/div>\n        <\/div><\/div>\t\t\t\t<\/div>\n\t\t\t\t<\/div>\n\t\t\t\t\t<\/div>\n\t\t<\/div>\n\t\t\t\t\t<\/div>\n\t\t<\/section>\n\t\t\t\t\t<\/div>\n\t\t<\/div>\n\t\t\t\t\t<\/div>\n\t\t<\/section>\n\t\t\t\t<\/div>","protected":false},"excerpt":{"rendered":"<p>Services Home Service Premium Milk Chocolate A creamy, rich blend that suits all tastes Dark Chocolate dark chocolate lovers with love and deep flavor Seasonal Editions New flavors added to our collection We Are Al Bareeq Al Satea We Make Changes Where Craftsmanship Meets Chocolate Excellence 0 + Year Experient 0 + Chocolate Product<\/p>","protected":false},"author":2,"featured_media":0,"parent":0,"menu_order":0,"comment_status":"closed","ping_status":"closed","template":"elementor_header_footer","meta":{"footnotes":""},"class_list":["post-129","page","type-page","status-publish","hentry"],"_links":{"self":[{"href":"https:\/\/albareeqco.iq\/tr\/wp-json\/wp\/v2\/pages\/129","targetHints":{"allow":["GET"]}}],"collection":[{"href":"https:\/\/albareeqco.iq\/tr\/wp-json\/wp\/v2\/pages"}],"about":[{"href":"https:\/\/albareeqco.iq\/tr\/wp-json\/wp\/v2\/types\/page"}],"author":[{"embeddable":true,"href":"https:\/\/albareeqco.iq\/tr\/wp-json\/wp\/v2\/users\/2"}],"replies":[{"embeddable":true,"href":"https:\/\/albareeqco.iq\/tr\/wp-json\/wp\/v2\/comments?post=129"}],"version-history":[{"count":22,"href":"https:\/\/albareeqco.iq\/tr\/wp-json\/wp\/v2\/pages\/129\/revisions"}],"predecessor-version":[{"id":272,"href":"https:\/\/albareeqco.iq\/tr\/wp-json\/wp\/v2\/pages\/129\/revisions\/272"}],"wp:attachment":[{"href":"https:\/\/albareeqco.iq\/tr\/wp-json\/wp\/v2\/media?parent=129"}],"curies":[{"name":"wp","href":"https:\/\/api.w.org\/{rel}","templated":true}]}}